{"id":13,"date":"2024-03-07T13:01:36","date_gmt":"2024-03-07T13:01:36","guid":{"rendered":"https:\/\/xn--vritablefraternit-btbq.org\/?page_id=13"},"modified":"2026-04-01T22:21:10","modified_gmt":"2026-04-01T22:21:10","slug":"nos-croyances","status":"publish","type":"page","link":"https:\/\/xn--vritablefraternit-btbq.org\/?page_id=13","title":{"rendered":"NOS CROYANCES"},"content":{"rendered":"<style>.elementor-13 .elementor-element.elementor-element-792c5c94 > .elementor-container{min-height:653px;}.elementor-13 .elementor-element.elementor-element-792c5c94:not(.elementor-motion-effects-element-type-background), .elementor-13 .elementor-element.elementor-element-792c5c94 > .elementor-motion-effects-container > .elementor-motion-effects-layer{background-image:url(\"https:\/\/xn--vritablefraternit-btbq.org\/wp-content\/uploads\/2025\/08\/360_F_1360976616_XYHccMf5pY29uaTZ0K73yVUbNhRwCa5L.jpg\");background-position:center center;background-repeat:no-repeat;background-size:cover;}.elementor-13 .elementor-element.elementor-element-792c5c94 > .elementor-background-overlay{background-color:#000000;opacity:0.58;transition:background 0.3s, border-radius 0.3s, opacity 0.3s;}.elementor-13 .elementor-element.elementor-element-792c5c94{transition:background 0.3s, border 0.3s, border-radius 0.3s, box-shadow 0.3s;}.elementor-widget-heading .elementor-heading-title{font-family:var( --e-global-typography-primary-font-family ), Sans-serif;font-weight:var( --e-global-typography-primary-font-weight );color:var( --e-global-color-primary );}.elementor-13 .elementor-element.elementor-element-2ddea341{text-align:center;}.elementor-13 .elementor-element.elementor-element-2ddea341 .elementor-heading-title{font-family:\"Aubrey\", Sans-serif;font-size:45px;font-weight:600;line-height:63px;color:var( --e-global-color-a282da2 );}.elementor-widget-button .elementor-button{font-family:var( --e-global-typography-accent-font-family ), Sans-serif;font-weight:var( --e-global-typography-accent-font-weight );background-color:var( --e-global-color-accent );}.elementor-13 .elementor-element.elementor-element-372d9e04 .elementor-button{font-family:\"Carter One\", Sans-serif;font-weight:500;fill:var( --e-global-color-a282da2 );color:var( --e-global-color-a282da2 );background-color:#FFFFFF;border-style:solid;border-width:1px 1px 1px 1px;border-color:var( --e-global-color-a282da2 );border-radius:30px 30px 30px 30px;}.elementor-13 .elementor-element.elementor-element-372d9e04 .elementor-button:hover, .elementor-13 .elementor-element.elementor-element-372d9e04 .elementor-button:focus{color:#101E42;background-color:#FFFFFF;}.elementor-13 .elementor-element.elementor-element-372d9e04 .elementor-button:hover svg, .elementor-13 .elementor-element.elementor-element-372d9e04 .elementor-button:focus svg{fill:#101E42;}.elementor-13 .elementor-element.elementor-element-2a7f3de3 > .elementor-container{min-height:400px;}.elementor-13 .elementor-element.elementor-element-2a7f3de3:not(.elementor-motion-effects-element-type-background), .elementor-13 .elementor-element.elementor-element-2a7f3de3 > .elementor-motion-effects-container > .elementor-motion-effects-layer{background-image:url(\"https:\/\/xn--vritablefraternit-btbq.org\/wp-content\/uploads\/2025\/08\/360_F_1360976616_XYHccMf5pY29uaTZ0K73yVUbNhRwCa5L.jpg\");background-position:center center;background-repeat:no-repeat;background-size:cover;}.elementor-13 .elementor-element.elementor-element-2a7f3de3 > .elementor-background-overlay{background-color:#000000;opacity:0.68;transition:background 0.3s, border-radius 0.3s, opacity 0.3s;}.elementor-13 .elementor-element.elementor-element-2a7f3de3{transition:background 0.3s, border 0.3s, border-radius 0.3s, box-shadow 0.3s;padding:0px 0px 50px 0px;}.elementor-13 .elementor-element.elementor-element-7eb87101{--spacer-size:15px;}.elementor-13 .elementor-element.elementor-element-fd38460{--e-image-carousel-slides-to-show:4;}.elementor-13 .elementor-element.elementor-element-fd38460 > .elementor-widget-container{padding:30px 0px 0px 0px;}.elementor-widget-text-editor{font-family:var( --e-global-typography-text-font-family ), Sans-serif;font-weight:var( --e-global-typography-text-font-weight );color:var( --e-global-color-text );}.elementor-widget-text-editor.elementor-drop-cap-view-stacked .elementor-drop-cap{background-color:var( --e-global-color-primary );}.elementor-widget-text-editor.elementor-drop-cap-view-framed .elementor-drop-cap, .elementor-widget-text-editor.elementor-drop-cap-view-default .elementor-drop-cap{color:var( --e-global-color-primary );border-color:var( --e-global-color-primary );}.elementor-13 .elementor-element.elementor-element-3d9102e3{font-family:\"Arvo\", Sans-serif;font-size:15px;font-weight:100;line-height:26px;color:#FFFFFF;}:root{--page-title-display:none;}@media(min-width:1025px){.elementor-13 .elementor-element.elementor-element-792c5c94:not(.elementor-motion-effects-element-type-background), .elementor-13 .elementor-element.elementor-element-792c5c94 > .elementor-motion-effects-container > .elementor-motion-effects-layer{background-attachment:fixed;}.elementor-13 .elementor-element.elementor-element-2a7f3de3:not(.elementor-motion-effects-element-type-background), .elementor-13 .elementor-element.elementor-element-2a7f3de3 > .elementor-motion-effects-container > .elementor-motion-effects-layer{background-attachment:fixed;}}@media(max-width:767px){.elementor-13 .elementor-element.elementor-element-792c5c94 > .elementor-container{min-height:340px;}.elementor-13 .elementor-element.elementor-element-792c5c94{padding:0px 12px 0px 12px;}.elementor-13 .elementor-element.elementor-element-2ddea341{text-align:start;}.elementor-13 .elementor-element.elementor-element-2ddea341 .elementor-heading-title{font-size:34px;line-height:1.1em;}.elementor-13 .elementor-element.elementor-element-372d9e04 > .elementor-widget-container{padding:0px 0px 0px 0px;}.elementor-13 .elementor-element.elementor-element-2a7f3de3 > .elementor-background-overlay{opacity:0.76;}.elementor-13 .elementor-element.elementor-element-fd38460{--e-image-carousel-slides-to-show:2;}}<\/style>\t\t<div data-elementor-type=\"wp-page\" data-elementor-id=\"13\" class=\"elementor elementor-13\" data-elementor-post-type=\"page\">\n\t\t\t\t\t\t<section class=\"elementor-section elementor-top-section elementor-element elementor-element-792c5c94 elementor-section-full_width elementor-section-height-min-height elementor-section-height-default elementor-section-items-middle\" data-id=\"792c5c94\" data-element_type=\"section\" data-e-type=\"section\" data-settings=\"{&quot;background_background&quot;:&quot;classic&quot;}\">\n\t\t\t\t\t\t\t<div class=\"elementor-background-overlay\"><\/div>\n\t\t\t\t\t\t\t<div class=\"elementor-container elementor-column-gap-default\">\n\t\t\t\t\t<div class=\"elementor-column elementor-col-100 elementor-top-column elementor-element elementor-element-413b5f1c\" data-id=\"413b5f1c\" data-element_type=\"column\" data-e-type=\"column\">\n\t\t\t<div class=\"elementor-widget-wrap elementor-element-populated\">\n\t\t\t\t\t\t<div class=\"elementor-element elementor-element-2ddea341 elementor-widget elementor-widget-heading\" data-id=\"2ddea341\" data-element_type=\"widget\" data-e-type=\"widget\" data-widget_type=\"heading.default\">\n\t\t\t\t<div class=\"elementor-widget-container\">\n\t\t\t\t\t<h2 class=\"elementor-heading-title elementor-size-default\">Les vraies croyances de la Fraternit\u00e9<\/h2>\t\t\t\t<\/div>\n\t\t\t\t<\/div>\n\t\t\t\t<div class=\"elementor-element elementor-element-372d9e04 elementor-align-center elementor-mobile-align-left elementor-widget elementor-widget-button\" data-id=\"372d9e04\" data-element_type=\"widget\" data-e-type=\"widget\" data-widget_type=\"button.default\">\n\t\t\t\t<div class=\"elementor-widget-container\">\n\t\t\t\t\t\t\t\t\t<div class=\"elementor-button-wrapper\">\n\t\t\t\t\t<a class=\"elementor-button elementor-button-link elementor-size-sm elementor-animation-pulse\" href=\"https:\/\/wa.link\/nkyuys\">\n\t\t\t\t\t\t<span class=\"elementor-button-content-wrapper\">\n\t\t\t\t\t\t\t\t\t<span class=\"elementor-button-text\">S'INSCRIRE MAINTENANT<\/span>\n\t\t\t\t\t<\/span>\n\t\t\t\t\t<\/a>\n\t\t\t\t<\/div>\n\t\t\t\t\t\t\t\t<\/div>\n\t\t\t\t<\/div>\n\t\t\t\t\t<\/div>\n\t\t<\/div>\n\t\t\t\t\t<\/div>\n\t\t<\/section>\n\t\t\t\t<section class=\"elementor-section elementor-top-section elementor-element elementor-element-2a7f3de3 elementor-section-height-min-height elementor-section-boxed elementor-section-height-default elementor-section-items-middle\" data-id=\"2a7f3de3\" data-element_type=\"section\" data-e-type=\"section\" data-settings=\"{&quot;background_background&quot;:&quot;classic&quot;}\">\n\t\t\t\t\t\t\t<div class=\"elementor-background-overlay\"><\/div>\n\t\t\t\t\t\t\t<div class=\"elementor-container elementor-column-gap-default\">\n\t\t\t\t\t<div class=\"elementor-column elementor-col-100 elementor-top-column elementor-element elementor-element-37d8723e\" data-id=\"37d8723e\" data-element_type=\"column\" data-e-type=\"column\">\n\t\t\t<div class=\"elementor-widget-wrap elementor-element-populated\">\n\t\t\t\t\t\t<div class=\"elementor-element elementor-element-7eb87101 elementor-widget elementor-widget-spacer\" data-id=\"7eb87101\" data-element_type=\"widget\" data-e-type=\"widget\" data-widget_type=\"spacer.default\">\n\t\t\t\t<div class=\"elementor-widget-container\">\n\t\t\t\t\t\t\t<div class=\"elementor-spacer\">\n\t\t\t<div class=\"elementor-spacer-inner\"><\/div>\n\t\t<\/div>\n\t\t\t\t\t\t<\/div>\n\t\t\t\t<\/div>\n\t\t\t\t<div class=\"elementor-element elementor-element-fd38460 elementor-arrows-position-inside elementor-pagination-position-outside elementor-widget elementor-widget-image-carousel\" data-id=\"fd38460\" data-element_type=\"widget\" data-e-type=\"widget\" data-settings=\"{&quot;slides_to_show&quot;:&quot;4&quot;,&quot;slides_to_show_mobile&quot;:&quot;2&quot;,&quot;navigation&quot;:&quot;both&quot;,&quot;autoplay&quot;:&quot;yes&quot;,&quot;pause_on_hover&quot;:&quot;yes&quot;,&quot;pause_on_interaction&quot;:&quot;yes&quot;,&quot;autoplay_speed&quot;:5000,&quot;infinite&quot;:&quot;yes&quot;,&quot;speed&quot;:500}\" data-widget_type=\"image-carousel.default\">\n\t\t\t\t<div class=\"elementor-widget-container\">\n\t\t\t\t\t\t\t<div class=\"elementor-image-carousel-wrapper swiper\" role=\"region\" aria-roledescription=\"carousel\" aria-label=\"Image Carousel\" dir=\"ltr\">\n\t\t\t<div class=\"elementor-image-carousel swiper-wrapper\" aria-live=\"off\">\n\t\t\t\t\t\t\t\t<div class=\"swiper-slide\" role=\"group\" aria-roledescription=\"slide\" aria-label=\"1 of 4\"><figure class=\"swiper-slide-inner\"><img decoding=\"async\" class=\"swiper-slide-image\" src=\"https:\/\/xn--vritablefraternit-btbq.org\/wp-content\/uploads\/2025\/08\/cropped-cropped-composition-with-all-seeing-eye-of-providence-vector-47113108-Photoroom-150x150.png\" alt=\"cropped-cropped-composition-with-all-seeing-eye-of-providence-vector-47113108-Photoroom.png\" \/><\/figure><\/div><div class=\"swiper-slide\" role=\"group\" aria-roledescription=\"slide\" aria-label=\"2 of 4\"><figure class=\"swiper-slide-inner\"><img decoding=\"async\" class=\"swiper-slide-image\" src=\"https:\/\/xn--vritablefraternit-btbq.org\/wp-content\/uploads\/2025\/08\/1-150x150.png\" alt=\"1.png\" \/><\/figure><\/div><div class=\"swiper-slide\" role=\"group\" aria-roledescription=\"slide\" aria-label=\"3 of 4\"><figure class=\"swiper-slide-inner\"><img decoding=\"async\" class=\"swiper-slide-image\" src=\"https:\/\/xn--vritablefraternit-btbq.org\/wp-content\/uploads\/2025\/08\/the-world-illuminati-150x150-1.gif\" alt=\"the-world-illuminati-150x150-1.gif\" \/><\/figure><\/div><div class=\"swiper-slide\" role=\"group\" aria-roledescription=\"slide\" aria-label=\"4 of 4\"><figure class=\"swiper-slide-inner\"><img decoding=\"async\" class=\"swiper-slide-image\" src=\"https:\/\/xn--vritablefraternit-btbq.org\/wp-content\/uploads\/2025\/08\/illuminati-official-logo-150x150.png\" alt=\"illuminati-official-logo.png\" \/><\/figure><\/div>\t\t\t<\/div>\n\t\t\t\t\t\t\t\t\t\t\t\t<div class=\"elementor-swiper-button elementor-swiper-button-prev\" role=\"button\" tabindex=\"0\">\n\t\t\t\t\t\t<svg aria-hidden=\"true\" class=\"e-font-icon-svg e-eicon-chevron-left\" viewBox=\"0 0 1000 1000\" xmlns=\"http:\/\/www.w3.org\/2000\/svg\"><path d=\"M646 125C629 125 613 133 604 142L308 442C296 454 292 471 292 487 292 504 296 521 308 533L604 854C617 867 629 875 646 875 663 875 679 871 692 858 704 846 713 829 713 812 713 796 708 779 692 767L438 487 692 225C700 217 708 204 708 187 708 171 704 154 692 142 675 129 663 125 646 125Z\"><\/path><\/svg>\t\t\t\t\t<\/div>\n\t\t\t\t\t<div class=\"elementor-swiper-button elementor-swiper-button-next\" role=\"button\" tabindex=\"0\">\n\t\t\t\t\t\t<svg aria-hidden=\"true\" class=\"e-font-icon-svg e-eicon-chevron-right\" viewBox=\"0 0 1000 1000\" xmlns=\"http:\/\/www.w3.org\/2000\/svg\"><path d=\"M696 533C708 521 713 504 713 487 713 471 708 454 696 446L400 146C388 133 375 125 354 125 338 125 325 129 313 142 300 154 292 171 292 187 292 204 296 221 308 233L563 492 304 771C292 783 288 800 288 817 288 833 296 850 308 863 321 871 338 875 354 875 371 875 388 867 400 854L696 533Z\"><\/path><\/svg>\t\t\t\t\t<\/div>\n\t\t\t\t\n\t\t\t\t\t\t\t\t\t<div class=\"swiper-pagination\"><\/div>\n\t\t\t\t\t\t\t\t\t<\/div>\n\t\t\t\t\t\t<\/div>\n\t\t\t\t<\/div>\n\t\t\t\t<div class=\"elementor-element elementor-element-3d9102e3 elementor-widget elementor-widget-text-editor\" data-id=\"3d9102e3\" data-element_type=\"widget\" data-e-type=\"widget\" data-widget_type=\"text-editor.default\">\n\t\t\t\t<div class=\"elementor-widget-container\">\n\t\t\t\t\t\t\t\t\t<p>Les Illuminati n&#8217;ont d&#8217;autre croyance que la souverainet\u00e9 de l&#8217;esp\u00e8ce humaine.<\/p><p>Les Illuminati ne sont ni une \u00e9glise, ni une religion, ni un groupe politique, ni une organisation caritative, mais plut\u00f4t un collectif d&#8217;\u00e9lite compos\u00e9 de personnes influentes au niveau mondial, qui travaillent \u00e0 la promotion des int\u00e9r\u00eats de l&#8217;esp\u00e8ce humaine dans son ensemble. Nos d\u00e9cisions sont ind\u00e9pendantes de toutes les divisions humaines, y compris les diff\u00e9rences religieuses et politiques. Nous agissons uniquement dans l&#8217;int\u00e9r\u00eat de l&#8217;esp\u00e8ce humaine que nous sommes charg\u00e9s de prot\u00e9ger, et nous n&#8217;exigeons donc rien de nos citoyens en mati\u00e8re de culte, de moralit\u00e9 ou de croyances personnelles.<\/p><p>La pr\u00e9servation de l&#8217;esp\u00e8ce humaine est au-dessus de tout.<\/p><p>Les citoyens fid\u00e8les aux id\u00e9aux des Illuminati et qui cherchent \u00e0 adh\u00e9rer \u00e0 notre organisation sont souvent appel\u00e9s \u00ab adeptes des Illuminatiam \u00bb. Ils sont libres de choisir le chemin de vie qu&#8217;ils souhaitent et de suivre la morale qu&#8217;ils souhaitent, tant que leurs croyances sont toujours dans l&#8217;int\u00e9r\u00eat de l&#8217;esp\u00e8ce humaine dans son ensemble. Les adeptes d&#8217;Illuminatiam renoncent aux diff\u00e9rences religieuses, g\u00e9ographiques et g\u00e9n\u00e9rationnelles pour travailler comme une unit\u00e9 compos\u00e9e de nombreuses parties distinctes, en acceptant que chaque partie soit unique pour fonctionner correctement.<\/p>\t\t\t\t\t\t\t\t<\/div>\n\t\t\t\t<\/div>\n\t\t\t\t\t<\/div>\n\t\t<\/div>\n\t\t\t\t\t<\/div>\n\t\t<\/section>\n\t\t\t\t<\/div>\n\t\t","protected":false},"excerpt":{"rendered":"<p>Les vraies croyances de la Fraternit\u00e9 S&#8217;INSCRIRE MAINTENANT Les Illuminati n&#8217;ont d&#8217;autre croyance que la souverainet\u00e9 de l&#8217;esp\u00e8ce humaine. Les [&hellip;]<\/p>\n","protected":false},"author":1,"featured_media":0,"parent":0,"menu_order":0,"comment_status":"closed","ping_status":"closed","template":"","meta":{"_monsterinsights_skip_tracking":false,"_monsterinsights_sitenote_active":false,"_monsterinsights_sitenote_note":"","_monsterinsights_sitenote_category":0,"site-sidebar-layout":"no-sidebar","site-content-layout":"","ast-site-content-layout":"full-width-container","site-content-style":"default","site-sidebar-style":"default","ast-global-header-display":"","ast-banner-title-visibility":"","ast-main-header-display":"","ast-hfb-above-header-display":"","ast-hfb-below-header-display":"","ast-hfb-mobile-header-display":"","site-post-title":"disabled","ast-breadcrumbs-content":"","ast-featured-img":"disabled","footer-sml-layout":"","ast-disable-related-posts":"","theme-transparent-header-meta":"","adv-header-id-meta":"","stick-header-meta":"","header-above-stick-meta":"","header-main-stick-meta":"","header-below-stick-meta":"","astra-migrate-meta-layouts":"default","ast-page-background-enabled":"default","ast-page-background-meta":{"desktop":{"background-color":"var(--ast-global-color-4)","background-image":"","background-repeat":"repeat","background-position":"center center","background-size":"auto","background-attachment":"scroll","background-type":"","background-media":"","overlay-type":"","overlay-color":"","overlay-opacity":"","overlay-gradient":""},"tablet":{"background-color":"","background-image":"","background-repeat":"repeat","background-position":"center center","background-size":"auto","background-attachment":"scroll","background-type":"","background-media":"","overlay-type":"","overlay-color":"","overlay-opacity":"","overlay-gradient":""},"mobile":{"background-color":"","background-image":"","background-repeat":"repeat","background-position":"center center","background-size":"auto","background-attachment":"scroll","background-type":"","background-media":"","overlay-type":"","overlay-color":"","overlay-opacity":"","overlay-gradient":""}},"ast-content-background-meta":{"desktop":{"background-color":"var(--ast-global-color-5)","background-image":"","background-repeat":"repeat","background-position":"center center","background-size":"auto","background-attachment":"scroll","background-type":"","background-media":"","overlay-type":"","overlay-color":"","overlay-opacity":"","overlay-gradient":""},"tablet":{"background-color":"var(--ast-global-color-5)","background-image":"","background-repeat":"repeat","background-position":"center center","background-size":"auto","background-attachment":"scroll","background-type":"","background-media":"","overlay-type":"","overlay-color":"","overlay-opacity":"","overlay-gradient":""},"mobile":{"background-color":"var(--ast-global-color-5)","background-image":"","background-repeat":"repeat","background-position":"center center","background-size":"auto","background-attachment":"scroll","background-type":"","background-media":"","overlay-type":"","overlay-color":"","overlay-opacity":"","overlay-gradient":""}},"footnotes":""},"class_list":["post-13","page","type-page","status-publish","hentry"],"aioseo_notices":[],"_hostinger_reach_plugin_has_subscription_block":false,"_hostinger_reach_plugin_is_elementor":false,"_links":{"self":[{"href":"https:\/\/xn--vritablefraternit-btbq.org\/index.php?rest_route=\/wp\/v2\/pages\/13","targetHints":{"allow":["GET"]}}],"collection":[{"href":"https:\/\/xn--vritablefraternit-btbq.org\/index.php?rest_route=\/wp\/v2\/pages"}],"about":[{"href":"https:\/\/xn--vritablefraternit-btbq.org\/index.php?rest_route=\/wp\/v2\/types\/page"}],"author":[{"embeddable":true,"href":"https:\/\/xn--vritablefraternit-btbq.org\/index.php?rest_route=\/wp\/v2\/users\/1"}],"replies":[{"embeddable":true,"href":"https:\/\/xn--vritablefraternit-btbq.org\/index.php?rest_route=%2Fwp%2Fv2%2Fcomments&post=13"}],"version-history":[{"count":71,"href":"https:\/\/xn--vritablefraternit-btbq.org\/index.php?rest_route=\/wp\/v2\/pages\/13\/revisions"}],"predecessor-version":[{"id":1980,"href":"https:\/\/xn--vritablefraternit-btbq.org\/index.php?rest_route=\/wp\/v2\/pages\/13\/revisions\/1980"}],"wp:attachment":[{"href":"https:\/\/xn--vritablefraternit-btbq.org\/index.php?rest_route=%2Fwp%2Fv2%2Fmedia&parent=13"}],"curies":[{"name":"wp","href":"https:\/\/api.w.org\/{rel}","templated":true}]}}