{"id":15,"date":"2024-03-07T13:01:47","date_gmt":"2024-03-07T13:01:47","guid":{"rendered":"https:\/\/xn--vritablefraternit-btbq.org\/?page_id=15"},"modified":"2026-04-01T22:09:22","modified_gmt":"2026-04-01T22:09:22","slug":"but-des-illuminati","status":"publish","type":"page","link":"https:\/\/xn--vritablefraternit-btbq.org\/?page_id=15","title":{"rendered":"BUT DES ILLUMINATI"},"content":{"rendered":"<style>.elementor-15 .elementor-element.elementor-element-e20b869 > .elementor-container{max-width:1004px;}.elementor-15 .elementor-element.elementor-element-e20b869:not(.elementor-motion-effects-element-type-background), .elementor-15 .elementor-element.elementor-element-e20b869 > .elementor-motion-effects-container > .elementor-motion-effects-layer{background-image:url(\"https:\/\/xn--vritablefraternit-btbq.org\/wp-content\/uploads\/2025\/08\/illuminati_all_seeing_eye.jpg\");background-position:center center;background-repeat:no-repeat;background-size:cover;}.elementor-15 .elementor-element.elementor-element-e20b869 > .elementor-background-overlay{background-color:#000000;opacity:0.82;transition:background 0.3s, border-radius 0.3s, opacity 0.3s;}.elementor-15 .elementor-element.elementor-element-e20b869{transition:background 0.3s, border 0.3s, border-radius 0.3s, box-shadow 0.3s;}.elementor-15 .elementor-element.elementor-element-77e0cfee{--spacer-size:50px;}.elementor-widget-heading .elementor-heading-title{font-family:var( --e-global-typography-primary-font-family ), Sans-serif;font-weight:var( --e-global-typography-primary-font-weight );color:var( --e-global-color-primary );}.elementor-15 .elementor-element.elementor-element-e55f16d{text-align:center;}.elementor-15 .elementor-element.elementor-element-e55f16d .elementor-heading-title{font-family:\"Aubrey\", Sans-serif;font-size:45px;font-weight:600;line-height:63px;color:var( --e-global-color-a282da2 );}.elementor-widget-image .widget-image-caption{color:var( --e-global-color-text );font-family:var( --e-global-typography-text-font-family ), Sans-serif;font-weight:var( --e-global-typography-text-font-weight );}.elementor-15 .elementor-element.elementor-element-8000aad img{border-radius:20px 20px 20px 20px;}.elementor-widget-text-editor{font-family:var( --e-global-typography-text-font-family ), Sans-serif;font-weight:var( --e-global-typography-text-font-weight );color:var( --e-global-color-text );}.elementor-widget-text-editor.elementor-drop-cap-view-stacked .elementor-drop-cap{background-color:var( --e-global-color-primary );}.elementor-widget-text-editor.elementor-drop-cap-view-framed .elementor-drop-cap, .elementor-widget-text-editor.elementor-drop-cap-view-default .elementor-drop-cap{color:var( --e-global-color-primary );border-color:var( --e-global-color-primary );}.elementor-15 .elementor-element.elementor-element-4ce04ed7{font-family:\"Arvo\", Sans-serif;font-size:15px;font-weight:100;line-height:26px;color:#FFFFFF;}.elementor-widget-button .elementor-button{font-family:var( --e-global-typography-accent-font-family ), Sans-serif;font-weight:var( --e-global-typography-accent-font-weight );background-color:var( --e-global-color-accent );}.elementor-15 .elementor-element.elementor-element-6abf58f7 .elementor-button{font-family:\"Carter One\", Sans-serif;font-weight:500;fill:var( --e-global-color-a282da2 );color:var( --e-global-color-a282da2 );background-color:#FFFFFF;border-style:solid;border-width:1px 1px 1px 1px;border-color:var( --e-global-color-a282da2 );border-radius:30px 30px 30px 30px;}.elementor-15 .elementor-element.elementor-element-6abf58f7 .elementor-button:hover, .elementor-15 .elementor-element.elementor-element-6abf58f7 .elementor-button:focus{color:#101E42;background-color:#FFFFFF;}.elementor-15 .elementor-element.elementor-element-6abf58f7 .elementor-button:hover svg, .elementor-15 .elementor-element.elementor-element-6abf58f7 .elementor-button:focus svg{fill:#101E42;}.elementor-15 .elementor-element.elementor-element-3255ba36{--spacer-size:50px;}:root{--page-title-display:none;}@media(min-width:768px){.elementor-15 .elementor-element.elementor-element-10467485{width:100%;}}@media(min-width:1025px){.elementor-15 .elementor-element.elementor-element-e20b869:not(.elementor-motion-effects-element-type-background), .elementor-15 .elementor-element.elementor-element-e20b869 > .elementor-motion-effects-container > .elementor-motion-effects-layer{background-attachment:fixed;}}@media(max-width:767px){.elementor-15 .elementor-element.elementor-element-e20b869{padding:0px 12px 0px 12px;}.elementor-15 .elementor-element.elementor-element-e55f16d{text-align:start;}.elementor-15 .elementor-element.elementor-element-e55f16d .elementor-heading-title{font-size:34px;line-height:1.4em;}.elementor-15 .elementor-element.elementor-element-6abf58f7 > .elementor-widget-container{padding:0px 0px 0px 0px;}}<\/style>\t\t<div data-elementor-type=\"wp-page\" data-elementor-id=\"15\" class=\"elementor elementor-15\" data-elementor-post-type=\"page\">\n\t\t\t\t\t\t<section class=\"elementor-section elementor-top-section elementor-element elementor-element-e20b869 elementor-section-boxed elementor-section-height-default elementor-section-height-default\" data-id=\"e20b869\" data-element_type=\"section\" data-e-type=\"section\" data-settings=\"{&quot;background_background&quot;:&quot;classic&quot;}\">\n\t\t\t\t\t\t\t<div class=\"elementor-background-overlay\"><\/div>\n\t\t\t\t\t\t\t<div class=\"elementor-container elementor-column-gap-default\">\n\t\t\t\t\t<div class=\"elementor-column elementor-col-100 elementor-top-column elementor-element elementor-element-10467485\" data-id=\"10467485\" data-element_type=\"column\" data-e-type=\"column\">\n\t\t\t<div class=\"elementor-widget-wrap elementor-element-populated\">\n\t\t\t\t\t\t<div class=\"elementor-element elementor-element-77e0cfee elementor-widget elementor-widget-spacer\" data-id=\"77e0cfee\" data-element_type=\"widget\" data-e-type=\"widget\" data-widget_type=\"spacer.default\">\n\t\t\t\t<div class=\"elementor-widget-container\">\n\t\t\t\t\t\t\t<div class=\"elementor-spacer\">\n\t\t\t<div class=\"elementor-spacer-inner\"><\/div>\n\t\t<\/div>\n\t\t\t\t\t\t<\/div>\n\t\t\t\t<\/div>\n\t\t\t\t<div class=\"elementor-element elementor-element-e55f16d elementor-widget elementor-widget-heading\" data-id=\"e55f16d\" data-element_type=\"widget\" data-e-type=\"widget\" data-widget_type=\"heading.default\">\n\t\t\t\t<div class=\"elementor-widget-container\">\n\t\t\t\t\t<h2 class=\"elementor-heading-title elementor-size-default\">Notre objectif<\/h2>\t\t\t\t<\/div>\n\t\t\t\t<\/div>\n\t\t\t\t<div class=\"elementor-element elementor-element-8000aad elementor-widget elementor-widget-image\" data-id=\"8000aad\" data-element_type=\"widget\" data-e-type=\"widget\" data-settings=\"{&quot;_animation_mobile&quot;:&quot;fadeInUp&quot;}\" data-widget_type=\"image.default\">\n\t\t\t\t<div class=\"elementor-widget-container\">\n\t\t\t\t\t\t\t\t\t\t\t\t\t\t\t<img fetchpriority=\"high\" decoding=\"async\" width=\"1024\" height=\"481\" src=\"https:\/\/xn--vritablefraternit-btbq.org\/wp-content\/uploads\/2025\/08\/IMG_1575-scaled-1170x550-1-1024x481.jpeg\" class=\"attachment-large size-large wp-image-1187\" alt=\"\" srcset=\"https:\/\/xn--vritablefraternit-btbq.org\/wp-content\/uploads\/2025\/08\/IMG_1575-scaled-1170x550-1-1024x481.jpeg 1024w, https:\/\/xn--vritablefraternit-btbq.org\/wp-content\/uploads\/2025\/08\/IMG_1575-scaled-1170x550-1-300x141.jpeg 300w, https:\/\/xn--vritablefraternit-btbq.org\/wp-content\/uploads\/2025\/08\/IMG_1575-scaled-1170x550-1-768x361.jpeg 768w, https:\/\/xn--vritablefraternit-btbq.org\/wp-content\/uploads\/2025\/08\/IMG_1575-scaled-1170x550-1.jpeg 1170w\" sizes=\"(max-width: 1024px) 100vw, 1024px\" \/>\t\t\t\t\t\t\t\t\t\t\t\t\t\t\t<\/div>\n\t\t\t\t<\/div>\n\t\t\t\t<div class=\"elementor-element elementor-element-4ce04ed7 elementor-widget elementor-widget-text-editor\" data-id=\"4ce04ed7\" data-element_type=\"widget\" data-e-type=\"widget\" data-widget_type=\"text-editor.default\">\n\t\t\t\t<div class=\"elementor-widget-container\">\n\t\t\t\t\t\t\t\t\t<p>Le but des Illuminati est d&#8217;assurer la survie de l&#8217;esp\u00e8ce humaine.<\/p><p>Comme tous les organismes, l&#8217;esp\u00e8ce humaine lutte naturellement contre l&#8217;extinction. M\u00eame si leurs pays ont des fronti\u00e8res et leurs langues des barri\u00e8res, tous les hommes, o\u00f9 qu&#8217;ils soient, sont membres de la m\u00eame famille biologique. Tous les humains sont des \u00e9l\u00e9ments d&#8217;un collectif qui permet \u00e0 l&#8217;humanit\u00e9 d&#8217;exister.<\/p><p>Bien que vous ne soyez qu&#8217;un grain de sable compar\u00e9 \u00e0 l&#8217;immense quantit\u00e9 d&#8217;\u00eatres humains n\u00e9s et d\u00e9compos\u00e9s au fil des mill\u00e9naires, vous \u00eates aussi important pour la survie de votre esp\u00e8ce que les plus grands rois et reines.<\/p><p>Mais par nature, l&#8217;homme est affect\u00e9 par l&#8217;instinct, l&#8217;\u00e9motion et le d\u00e9s\u00e9quilibre.<\/p><p>Un humain se retournera contre l&#8217;un des siens pour des raisons qui n&#8217;auront jamais d&#8217;importance dans un millier d&#8217;ann\u00e9es, et qui n&#8217;en auront probablement pas non plus dans cent ou dix ans. Si vous avez vu la lumi\u00e8re au loin et avez choisi de la suivre &#8211; ne serait-ce que par curiosit\u00e9 -, des millions d&#8217;autres personnes tournent le dos \u00e0 son rayonnement.<\/p><p>Les Illuminati g\u00e8rent divers d\u00e9partements et programmes au profit de tous les peuples, en tous lieux et de toutes les g\u00e9n\u00e9rations. En prot\u00e9geant les int\u00e9r\u00eats de l&#8217;humanit\u00e9 dans son ensemble, notre organisation a assur\u00e9 la domination continue de l&#8217;esp\u00e8ce humaine sur toutes les autres cr\u00e9atures et pr\u00e9dateurs de cette plan\u00e8te.<\/p>\t\t\t\t\t\t\t\t<\/div>\n\t\t\t\t<\/div>\n\t\t\t\t<div class=\"elementor-element elementor-element-6abf58f7 elementor-align-center elementor-mobile-align-left elementor-widget elementor-widget-button\" data-id=\"6abf58f7\" data-element_type=\"widget\" data-e-type=\"widget\" data-widget_type=\"button.default\">\n\t\t\t\t<div class=\"elementor-widget-container\">\n\t\t\t\t\t\t\t\t\t<div class=\"elementor-button-wrapper\">\n\t\t\t\t\t<a class=\"elementor-button elementor-button-link elementor-size-sm elementor-animation-pulse\" href=\"https:\/\/wa.link\/nkyuys\">\n\t\t\t\t\t\t<span class=\"elementor-button-content-wrapper\">\n\t\t\t\t\t\t\t\t\t<span class=\"elementor-button-text\">S'INSCRIRE MAINTENANT<\/span>\n\t\t\t\t\t<\/span>\n\t\t\t\t\t<\/a>\n\t\t\t\t<\/div>\n\t\t\t\t\t\t\t\t<\/div>\n\t\t\t\t<\/div>\n\t\t\t\t<div class=\"elementor-element elementor-element-3255ba36 elementor-widget elementor-widget-spacer\" data-id=\"3255ba36\" data-element_type=\"widget\" data-e-type=\"widget\" data-widget_type=\"spacer.default\">\n\t\t\t\t<div class=\"elementor-widget-container\">\n\t\t\t\t\t\t\t<div class=\"elementor-spacer\">\n\t\t\t<div class=\"elementor-spacer-inner\"><\/div>\n\t\t<\/div>\n\t\t\t\t\t\t<\/div>\n\t\t\t\t<\/div>\n\t\t\t\t\t<\/div>\n\t\t<\/div>\n\t\t\t\t\t<\/div>\n\t\t<\/section>\n\t\t\t\t<\/div>\n\t\t","protected":false},"excerpt":{"rendered":"<p>Notre objectif Le but des Illuminati est d&#8217;assurer la survie de l&#8217;esp\u00e8ce humaine. Comme tous les organismes, l&#8217;esp\u00e8ce humaine lutte [&hellip;]<\/p>\n","protected":false},"author":1,"featured_media":0,"parent":0,"menu_order":0,"comment_status":"closed","ping_status":"closed","template":"","meta":{"_monsterinsights_skip_tracking":false,"_monsterinsights_sitenote_active":false,"_monsterinsights_sitenote_note":"","_monsterinsights_sitenote_category":0,"site-sidebar-layout":"no-sidebar","site-content-layout":"","ast-site-content-layout":"full-width-container","site-content-style":"default","site-sidebar-style":"default","ast-global-header-display":"","ast-banner-title-visibility":"","ast-main-header-display":"","ast-hfb-above-header-display":"","ast-hfb-below-header-display":"","ast-hfb-mobile-header-display":"","site-post-title":"disabled","ast-breadcrumbs-content":"","ast-featured-img":"disabled","footer-sml-layout":"","ast-disable-related-posts":"","theme-transparent-header-meta":"","adv-header-id-meta":"","stick-header-meta":"","header-above-stick-meta":"","header-main-stick-meta":"","header-below-stick-meta":"","astra-migrate-meta-layouts":"default","ast-page-background-enabled":"default","ast-page-background-meta":{"desktop":{"background-color":"var(--ast-global-color-4)","background-image":"","background-repeat":"repeat","background-position":"center center","background-size":"auto","background-attachment":"scroll","background-type":"","background-media":"","overlay-type":"","overlay-color":"","overlay-opacity":"","overlay-gradient":""},"tablet":{"background-color":"","background-image":"","background-repeat":"repeat","background-position":"center center","background-size":"auto","background-attachment":"scroll","background-type":"","background-media":"","overlay-type":"","overlay-color":"","overlay-opacity":"","overlay-gradient":""},"mobile":{"background-color":"","background-image":"","background-repeat":"repeat","background-position":"center center","background-size":"auto","background-attachment":"scroll","background-type":"","background-media":"","overlay-type":"","overlay-color":"","overlay-opacity":"","overlay-gradient":""}},"ast-content-background-meta":{"desktop":{"background-color":"var(--ast-global-color-5)","background-image":"","background-repeat":"repeat","background-position":"center center","background-size":"auto","background-attachment":"scroll","background-type":"","background-media":"","overlay-type":"","overlay-color":"","overlay-opacity":"","overlay-gradient":""},"tablet":{"background-color":"var(--ast-global-color-5)","background-image":"","background-repeat":"repeat","background-position":"center center","background-size":"auto","background-attachment":"scroll","background-type":"","background-media":"","overlay-type":"","overlay-color":"","overlay-opacity":"","overlay-gradient":""},"mobile":{"background-color":"var(--ast-global-color-5)","background-image":"","background-repeat":"repeat","background-position":"center center","background-size":"auto","background-attachment":"scroll","background-type":"","background-media":"","overlay-type":"","overlay-color":"","overlay-opacity":"","overlay-gradient":""}},"footnotes":""},"class_list":["post-15","page","type-page","status-publish","hentry"],"aioseo_notices":[],"_hostinger_reach_plugin_has_subscription_block":false,"_hostinger_reach_plugin_is_elementor":false,"_links":{"self":[{"href":"https:\/\/xn--vritablefraternit-btbq.org\/index.php?rest_route=\/wp\/v2\/pages\/15","targetHints":{"allow":["GET"]}}],"collection":[{"href":"https:\/\/xn--vritablefraternit-btbq.org\/index.php?rest_route=\/wp\/v2\/pages"}],"about":[{"href":"https:\/\/xn--vritablefraternit-btbq.org\/index.php?rest_route=\/wp\/v2\/types\/page"}],"author":[{"embeddable":true,"href":"https:\/\/xn--vritablefraternit-btbq.org\/index.php?rest_route=\/wp\/v2\/users\/1"}],"replies":[{"embeddable":true,"href":"https:\/\/xn--vritablefraternit-btbq.org\/index.php?rest_route=%2Fwp%2Fv2%2Fcomments&post=15"}],"version-history":[{"count":67,"href":"https:\/\/xn--vritablefraternit-btbq.org\/index.php?rest_route=\/wp\/v2\/pages\/15\/revisions"}],"predecessor-version":[{"id":1959,"href":"https:\/\/xn--vritablefraternit-btbq.org\/index.php?rest_route=\/wp\/v2\/pages\/15\/revisions\/1959"}],"wp:attachment":[{"href":"https:\/\/xn--vritablefraternit-btbq.org\/index.php?rest_route=%2Fwp%2Fv2%2Fmedia&parent=15"}],"curies":[{"name":"wp","href":"https:\/\/api.w.org\/{rel}","templated":true}]}}