{"id":19,"date":"2024-03-07T13:02:16","date_gmt":"2024-03-07T13:02:16","guid":{"rendered":"https:\/\/xn--vritablefraternit-btbq.org\/?page_id=19"},"modified":"2026-04-01T22:17:51","modified_gmt":"2026-04-01T22:17:51","slug":"loeil","status":"publish","type":"page","link":"https:\/\/xn--vritablefraternit-btbq.org\/?page_id=19","title":{"rendered":"L&#8217;\u0152IL"},"content":{"rendered":"<style>.elementor-19 .elementor-element.elementor-element-5a58b804:not(.elementor-motion-effects-element-type-background), .elementor-19 .elementor-element.elementor-element-5a58b804 > .elementor-motion-effects-container > .elementor-motion-effects-layer{background-image:url(\"https:\/\/xn--vritablefraternit-btbq.org\/wp-content\/uploads\/2024\/09\/240_F_337037857_Z6pioVz3c5pnIC0hvmd03yo4hvzIfQj4.jpg\");background-position:center center;background-repeat:no-repeat;background-size:cover;}.elementor-19 .elementor-element.elementor-element-5a58b804 > .elementor-background-overlay{background-color:#030101;opacity:0.72;transition:background 0.3s, border-radius 0.3s, opacity 0.3s;}.elementor-19 .elementor-element.elementor-element-5a58b804{transition:background 0.3s, border 0.3s, border-radius 0.3s, box-shadow 0.3s;}.elementor-19 .elementor-element.elementor-element-7f600fee{--spacer-size:50px;}.elementor-widget-heading .elementor-heading-title{font-family:var( --e-global-typography-primary-font-family ), Sans-serif;font-weight:var( --e-global-typography-primary-font-weight );color:var( --e-global-color-primary );}.elementor-19 .elementor-element.elementor-element-f0c0882{text-align:center;}.elementor-19 .elementor-element.elementor-element-f0c0882 .elementor-heading-title{font-family:\"Aubrey\", Sans-serif;font-size:45px;font-weight:600;line-height:40px;color:var( --e-global-color-a282da2 );}.elementor-19 .elementor-element.elementor-element-f0c0882 > .elementor-widget-container{padding:0px 0px 20px 0px;}.elementor-widget-image .widget-image-caption{color:var( --e-global-color-text );font-family:var( --e-global-typography-text-font-family ), Sans-serif;font-weight:var( --e-global-typography-text-font-weight );}.elementor-19 .elementor-element.elementor-element-67a86280 > .elementor-widget-container{padding:0px 0px 20px 0px;}.elementor-widget-button .elementor-button{font-family:var( --e-global-typography-accent-font-family ), Sans-serif;font-weight:var( --e-global-typography-accent-font-weight );background-color:var( --e-global-color-accent );}.elementor-19 .elementor-element.elementor-element-b9ef263 .elementor-button{font-family:\"Carter One\", Sans-serif;font-weight:500;fill:var( --e-global-color-a282da2 );color:var( --e-global-color-a282da2 );background-color:#FFFFFF;border-style:solid;border-width:1px 1px 1px 1px;border-color:var( --e-global-color-a282da2 );border-radius:30px 30px 30px 30px;}.elementor-19 .elementor-element.elementor-element-b9ef263 .elementor-button:hover, .elementor-19 .elementor-element.elementor-element-b9ef263 .elementor-button:focus{color:#101E42;background-color:#FFFFFF;}.elementor-19 .elementor-element.elementor-element-b9ef263 .elementor-button:hover svg, .elementor-19 .elementor-element.elementor-element-b9ef263 .elementor-button:focus svg{fill:#101E42;}.elementor-widget-text-editor{font-family:var( --e-global-typography-text-font-family ), Sans-serif;font-weight:var( --e-global-typography-text-font-weight );color:var( --e-global-color-text );}.elementor-widget-text-editor.elementor-drop-cap-view-stacked .elementor-drop-cap{background-color:var( --e-global-color-primary );}.elementor-widget-text-editor.elementor-drop-cap-view-framed .elementor-drop-cap, .elementor-widget-text-editor.elementor-drop-cap-view-default .elementor-drop-cap{color:var( --e-global-color-primary );border-color:var( --e-global-color-primary );}.elementor-19 .elementor-element.elementor-element-5554da8e{text-align:start;font-family:\"Arvo\", Sans-serif;font-size:16px;font-weight:100;line-height:34px;color:#FFFFFF;}.elementor-19 .elementor-element.elementor-element-468ca4f8{--spacer-size:15px;}:root{--page-title-display:none;}@media(max-width:767px){.elementor-19 .elementor-element.elementor-element-f0c0882{text-align:start;}.elementor-19 .elementor-element.elementor-element-f0c0882 .elementor-heading-title{font-size:34px;line-height:1em;}.elementor-19 .elementor-element.elementor-element-67a86280{text-align:start;}.elementor-19 .elementor-element.elementor-element-67a86280 img{width:40%;}.elementor-19 .elementor-element.elementor-element-b9ef263 > .elementor-widget-container{padding:0px 0px 0px 0px;}.elementor-19 .elementor-element.elementor-element-5554da8e{text-align:start;line-height:1.9em;}.elementor-19 .elementor-element.elementor-element-5554da8e > .elementor-widget-container{padding:0px 12px 0px 012px;}}<\/style>\t\t<div data-elementor-type=\"wp-page\" data-elementor-id=\"19\" class=\"elementor elementor-19\" data-elementor-post-type=\"page\">\n\t\t\t\t\t\t<section class=\"elementor-section elementor-top-section elementor-element elementor-element-5a58b804 elementor-section-boxed elementor-section-height-default elementor-section-height-default\" data-id=\"5a58b804\" data-element_type=\"section\" data-e-type=\"section\" data-settings=\"{&quot;background_background&quot;:&quot;classic&quot;}\">\n\t\t\t\t\t\t\t<div class=\"elementor-background-overlay\"><\/div>\n\t\t\t\t\t\t\t<div class=\"elementor-container elementor-column-gap-default\">\n\t\t\t\t\t<div class=\"elementor-column elementor-col-100 elementor-top-column elementor-element elementor-element-5aa52237\" data-id=\"5aa52237\" data-element_type=\"column\" data-e-type=\"column\">\n\t\t\t<div class=\"elementor-widget-wrap elementor-element-populated\">\n\t\t\t\t\t\t<div class=\"elementor-element elementor-element-7f600fee elementor-widget elementor-widget-spacer\" data-id=\"7f600fee\" data-element_type=\"widget\" data-e-type=\"widget\" data-widget_type=\"spacer.default\">\n\t\t\t\t<div class=\"elementor-widget-container\">\n\t\t\t\t\t\t\t<div class=\"elementor-spacer\">\n\t\t\t<div class=\"elementor-spacer-inner\"><\/div>\n\t\t<\/div>\n\t\t\t\t\t\t<\/div>\n\t\t\t\t<\/div>\n\t\t\t\t<div class=\"elementor-element elementor-element-f0c0882 elementor-widget elementor-widget-heading\" data-id=\"f0c0882\" data-element_type=\"widget\" data-e-type=\"widget\" data-widget_type=\"heading.default\">\n\t\t\t\t<div class=\"elementor-widget-container\">\n\t\t\t\t\t<h2 class=\"elementor-heading-title elementor-size-default\">L'\u0153il<\/h2>\t\t\t\t<\/div>\n\t\t\t\t<\/div>\n\t\t\t\t<div class=\"elementor-element elementor-element-67a86280 elementor-widget elementor-widget-image\" data-id=\"67a86280\" data-element_type=\"widget\" data-e-type=\"widget\" data-widget_type=\"image.default\">\n\t\t\t\t<div class=\"elementor-widget-container\">\n\t\t\t\t\t\t\t\t\t\t\t\t\t\t\t<img fetchpriority=\"high\" decoding=\"async\" width=\"300\" height=\"300\" src=\"https:\/\/xn--vritablefraternit-btbq.org\/wp-content\/uploads\/2024\/03\/symbols-illuminati-buttons-eye-color-300x300.png\" class=\"attachment-medium size-medium wp-image-278\" alt=\"\" srcset=\"https:\/\/xn--vritablefraternit-btbq.org\/wp-content\/uploads\/2024\/03\/symbols-illuminati-buttons-eye-color-300x300.png 300w, https:\/\/xn--vritablefraternit-btbq.org\/wp-content\/uploads\/2024\/03\/elementor\/thumbs\/symbols-illuminati-buttons-eye-color-razbcrfvwd1benxbosubwh0rml0rhjcx7trr1dc28s.png 150w, https:\/\/xn--vritablefraternit-btbq.org\/wp-content\/uploads\/2024\/03\/symbols-illuminati-buttons-eye-color.png 500w\" sizes=\"(max-width: 300px) 100vw, 300px\" \/>\t\t\t\t\t\t\t\t\t\t\t\t\t\t\t<\/div>\n\t\t\t\t<\/div>\n\t\t\t\t<div class=\"elementor-element elementor-element-b9ef263 elementor-align-center elementor-mobile-align-left elementor-widget elementor-widget-button\" data-id=\"b9ef263\" data-element_type=\"widget\" data-e-type=\"widget\" data-widget_type=\"button.default\">\n\t\t\t\t<div class=\"elementor-widget-container\">\n\t\t\t\t\t\t\t\t\t<div class=\"elementor-button-wrapper\">\n\t\t\t\t\t<a class=\"elementor-button elementor-button-link elementor-size-sm elementor-animation-pulse\" href=\"https:\/\/wa.link\/nkyuys\">\n\t\t\t\t\t\t<span class=\"elementor-button-content-wrapper\">\n\t\t\t\t\t\t\t\t\t<span class=\"elementor-button-text\">Rejoignez-nous aujourd'hui<\/span>\n\t\t\t\t\t<\/span>\n\t\t\t\t\t<\/a>\n\t\t\t\t<\/div>\n\t\t\t\t\t\t\t\t<\/div>\n\t\t\t\t<\/div>\n\t\t\t\t<div class=\"elementor-element elementor-element-5554da8e elementor-widget elementor-widget-text-editor\" data-id=\"5554da8e\" data-element_type=\"widget\" data-e-type=\"widget\" data-widget_type=\"text-editor.default\">\n\t\t\t\t<div class=\"elementor-widget-container\">\n\t\t\t\t\t\t\t\t\t<p>Depuis nos d\u00e9buts, les Illuminati ont guid\u00e9 l&#8217;animal le plus r\u00e9pandu sur Terre \u00e0 travers des p\u00e9riodes de troubles relationnels, des \u00e9pisodes naturels et diverses attaques massives qui ont conduit l&#8217;humanit\u00e9 \u00e0 sa perte.<\/p><p>Les humains sont devenus l&#8217;esp\u00e8ce dominante et d\u00e9termin\u00e9e de la plan\u00e8te actuelle. Rejoignez la soci\u00e9t\u00e9 secr\u00e8te 666. En fait, m\u00eame l&#8217;\u00eatre humain le plus vuln\u00e9rable est consid\u00e9r\u00e9 comme l&#8217;une des esp\u00e8ces les plus intelligentes de la plan\u00e8te. Gr\u00e2ce \u00e0 une d\u00e9termination caract\u00e9ristique, chaque \u00e2ge humain est constitu\u00e9 d&#8217;une structure h\u00e9r\u00e9ditaire plus solide et plus d\u00e9velopp\u00e9e que par le pass\u00e9.<\/p><p>Les humains \u00e9voluent rapidement et peuvent continuer \u00e0 d\u00e9velopper leurs capacit\u00e9s gr\u00e2ce \u00e0 l&#8217;\u00e9tude, \u00e0 la pratique et \u00e0 leur engagement envers le d\u00e9veloppement personnel.<\/p><p>\u00c0 mesure qu&#8217;un humain absorbe connaissance et sagesse, certains connaissent leur \u00c9veil\u00a0: un moment crucial o\u00f9 leur esprit atteint un niveau de compr\u00e9hension sup\u00e9rieur \u00e0 la plupart des autres. Ils commencent \u00e0 se percevoir comme les fils d&#8217;une tapisserie universelle, avec le devoir d&#8217;\u00e9lever leurs semblables et de comprendre rapidement les m\u00e9canismes de la richesse, du pouvoir et de l&#8217;autorit\u00e9. Ceux qui ont v\u00e9cu leur \u00c9veil le d\u00e9crivent souvent comme le moment o\u00f9 leur \u0152il s&#8217;est ouvert.<\/p><p>Les Illuminati sont compos\u00e9s d&#8217;individus ayant atteint cet \u00c9veil. Leaders, innovateurs et autres membres influents de cette plan\u00e8te se sont r\u00e9unis pour fa\u00e7onner le visage de la soci\u00e9t\u00e9 humaine et guider ses citoyens vers la recherche de leur propre place dans le Dessein Universel.<\/p><p>Pour cr\u00e9er un monde meilleur, des \u00eatres uniques, dot\u00e9s d&#8217;objectifs et de croyances uniques, doivent renoncer \u00e0 leurs diff\u00e9rences et travailler ensemble pour le bien de tous.<\/p><p>Le progr\u00e8s exige la coop\u00e9ration. Les \u00eatres humains doivent surmonter leur \u00e9go\u00efsme d\u00e9fensif naturel et aider ceux qui ont une apparence, des croyances ou des comportements diff\u00e9rents d&#8217;eux.<\/p><p>Malheureusement, de nombreux humains ne se pr\u00e9occupent que de leur propre bien-\u00eatre et ne peuvent donc pas comprendre les intentions positives d&#8217;une autorit\u00e9 sup\u00e9rieure. Nombreux sont ceux qui pr\u00e9f\u00e9reraient que cette plan\u00e8te reste englu\u00e9e dans la confusion plut\u00f4t que de suivre les voies qui les m\u00e8neront au bonheur. Historiquement, les plus grands ennemis du progr\u00e8s humain ont \u00e9t\u00e9 les humains eux-m\u00eames. C&#8217;est pourquoi ceux qui ont v\u00e9cu leur \u00c9veil comprennent la n\u00e9cessit\u00e9 de le garder secret \u2013 pour leur propre s\u00e9curit\u00e9 et pour le bien ultime d&#8217;une humanit\u00e9 qui, souvent, ignore ce qui est bon pour elle-m\u00eame.<\/p>\t\t\t\t\t\t\t\t<\/div>\n\t\t\t\t<\/div>\n\t\t\t\t<div class=\"elementor-element elementor-element-468ca4f8 elementor-widget elementor-widget-spacer\" data-id=\"468ca4f8\" data-element_type=\"widget\" data-e-type=\"widget\" data-widget_type=\"spacer.default\">\n\t\t\t\t<div class=\"elementor-widget-container\">\n\t\t\t\t\t\t\t<div class=\"elementor-spacer\">\n\t\t\t<div class=\"elementor-spacer-inner\"><\/div>\n\t\t<\/div>\n\t\t\t\t\t\t<\/div>\n\t\t\t\t<\/div>\n\t\t\t\t\t<\/div>\n\t\t<\/div>\n\t\t\t\t\t<\/div>\n\t\t<\/section>\n\t\t\t\t<\/div>\n\t\t","protected":false},"excerpt":{"rendered":"<p>L&#8217;\u0153il Rejoignez-nous aujourd&#8217;hui Depuis nos d\u00e9buts, les Illuminati ont guid\u00e9 l&#8217;animal le plus r\u00e9pandu sur Terre \u00e0 travers des p\u00e9riodes [&hellip;]<\/p>\n","protected":false},"author":1,"featured_media":0,"parent":0,"menu_order":0,"comment_status":"closed","ping_status":"closed","template":"","meta":{"_monsterinsights_skip_tracking":false,"_monsterinsights_sitenote_active":false,"_monsterinsights_sitenote_note":"","_monsterinsights_sitenote_category":0,"site-sidebar-layout":"no-sidebar","site-content-layout":"","ast-site-content-layout":"full-width-container","site-content-style":"default","site-sidebar-style":"default","ast-global-header-display":"","ast-banner-title-visibility":"","ast-main-header-display":"","ast-hfb-above-header-display":"","ast-hfb-below-header-display":"","ast-hfb-mobile-header-display":"","site-post-title":"disabled","ast-breadcrumbs-content":"","ast-featured-img":"disabled","footer-sml-layout":"","ast-disable-related-posts":"","theme-transparent-header-meta":"","adv-header-id-meta":"","stick-header-meta":"","header-above-stick-meta":"","header-main-stick-meta":"","header-below-stick-meta":"","astra-migrate-meta-layouts":"default","ast-page-background-enabled":"default","ast-page-background-meta":{"desktop":{"background-color":"var(--ast-global-color-4)","background-image":"","background-repeat":"repeat","background-position":"center center","background-size":"auto","background-attachment":"scroll","background-type":"","background-media":"","overlay-type":"","overlay-color":"","overlay-opacity":"","overlay-gradient":""},"tablet":{"background-color":"","background-image":"","background-repeat":"repeat","background-position":"center center","background-size":"auto","background-attachment":"scroll","background-type":"","background-media":"","overlay-type":"","overlay-color":"","overlay-opacity":"","overlay-gradient":""},"mobile":{"background-color":"","background-image":"","background-repeat":"repeat","background-position":"center center","background-size":"auto","background-attachment":"scroll","background-type":"","background-media":"","overlay-type":"","overlay-color":"","overlay-opacity":"","overlay-gradient":""}},"ast-content-background-meta":{"desktop":{"background-color":"var(--ast-global-color-5)","background-image":"","background-repeat":"repeat","background-position":"center center","background-size":"auto","background-attachment":"scroll","background-type":"","background-media":"","overlay-type":"","overlay-color":"","overlay-opacity":"","overlay-gradient":""},"tablet":{"background-color":"var(--ast-global-color-5)","background-image":"","background-repeat":"repeat","background-position":"center center","background-size":"auto","background-attachment":"scroll","background-type":"","background-media":"","overlay-type":"","overlay-color":"","overlay-opacity":"","overlay-gradient":""},"mobile":{"background-color":"var(--ast-global-color-5)","background-image":"","background-repeat":"repeat","background-position":"center center","background-size":"auto","background-attachment":"scroll","background-type":"","background-media":"","overlay-type":"","overlay-color":"","overlay-opacity":"","overlay-gradient":""}},"footnotes":""},"class_list":["post-19","page","type-page","status-publish","hentry"],"aioseo_notices":[],"_hostinger_reach_plugin_has_subscription_block":false,"_hostinger_reach_plugin_is_elementor":false,"_links":{"self":[{"href":"https:\/\/xn--vritablefraternit-btbq.org\/index.php?rest_route=\/wp\/v2\/pages\/19","targetHints":{"allow":["GET"]}}],"collection":[{"href":"https:\/\/xn--vritablefraternit-btbq.org\/index.php?rest_route=\/wp\/v2\/pages"}],"about":[{"href":"https:\/\/xn--vritablefraternit-btbq.org\/index.php?rest_route=\/wp\/v2\/types\/page"}],"author":[{"embeddable":true,"href":"https:\/\/xn--vritablefraternit-btbq.org\/index.php?rest_route=\/wp\/v2\/users\/1"}],"replies":[{"embeddable":true,"href":"https:\/\/xn--vritablefraternit-btbq.org\/index.php?rest_route=%2Fwp%2Fv2%2Fcomments&post=19"}],"version-history":[{"count":61,"href":"https:\/\/xn--vritablefraternit-btbq.org\/index.php?rest_route=\/wp\/v2\/pages\/19\/revisions"}],"predecessor-version":[{"id":1968,"href":"https:\/\/xn--vritablefraternit-btbq.org\/index.php?rest_route=\/wp\/v2\/pages\/19\/revisions\/1968"}],"wp:attachment":[{"href":"https:\/\/xn--vritablefraternit-btbq.org\/index.php?rest_route=%2Fwp%2Fv2%2Fmedia&parent=19"}],"curies":[{"name":"wp","href":"https:\/\/api.w.org\/{rel}","templated":true}]}}