{"id":23,"date":"2024-03-07T13:02:56","date_gmt":"2024-03-07T13:02:56","guid":{"rendered":"https:\/\/xn--vritablefraternit-btbq.org\/?page_id=23"},"modified":"2026-04-01T22:19:29","modified_gmt":"2026-04-01T22:19:29","slug":"la-pyramide","status":"publish","type":"page","link":"https:\/\/xn--vritablefraternit-btbq.org\/?page_id=23","title":{"rendered":"LA PYRAMIDE"},"content":{"rendered":"<style>.elementor-23 .elementor-element.elementor-element-377c5919:not(.elementor-motion-effects-element-type-background), .elementor-23 .elementor-element.elementor-element-377c5919 > .elementor-motion-effects-container > .elementor-motion-effects-layer{background-image:url(\"https:\/\/xn--vritablefraternit-btbq.org\/wp-content\/uploads\/2024\/09\/240_F_337037857_Z6pioVz3c5pnIC0hvmd03yo4hvzIfQj4.jpg\");background-position:center center;background-repeat:no-repeat;background-size:cover;}.elementor-23 .elementor-element.elementor-element-377c5919 > .elementor-background-overlay{background-color:#030101;opacity:0.79;transition:background 0.3s, border-radius 0.3s, opacity 0.3s;}.elementor-23 .elementor-element.elementor-element-377c5919{transition:background 0.3s, border 0.3s, border-radius 0.3s, box-shadow 0.3s;}.elementor-23 .elementor-element.elementor-element-37c4fac7{--spacer-size:50px;}.elementor-widget-heading .elementor-heading-title{font-family:var( --e-global-typography-primary-font-family ), Sans-serif;font-weight:var( --e-global-typography-primary-font-weight );color:var( --e-global-color-primary );}.elementor-23 .elementor-element.elementor-element-6b417e11{text-align:center;}.elementor-23 .elementor-element.elementor-element-6b417e11 .elementor-heading-title{font-family:\"Aubrey\", Sans-serif;font-size:45px;font-weight:600;line-height:40px;color:var( --e-global-color-a282da2 );}.elementor-23 .elementor-element.elementor-element-6b417e11 > .elementor-widget-container{padding:0px 0px 20px 0px;}.elementor-widget-image .widget-image-caption{color:var( --e-global-color-text );font-family:var( --e-global-typography-text-font-family ), Sans-serif;font-weight:var( --e-global-typography-text-font-weight );}.elementor-23 .elementor-element.elementor-element-6cc19667 > .elementor-widget-container{padding:0px 0px 20px 0px;}.elementor-widget-button .elementor-button{font-family:var( --e-global-typography-accent-font-family ), Sans-serif;font-weight:var( --e-global-typography-accent-font-weight );background-color:var( --e-global-color-accent );}.elementor-23 .elementor-element.elementor-element-c675dcf .elementor-button{font-family:\"Carter One\", Sans-serif;font-weight:500;fill:var( --e-global-color-a282da2 );color:var( --e-global-color-a282da2 );background-color:#FFFFFF;border-style:solid;border-width:1px 1px 1px 1px;border-color:var( --e-global-color-a282da2 );border-radius:30px 30px 30px 30px;}.elementor-23 .elementor-element.elementor-element-c675dcf .elementor-button:hover, .elementor-23 .elementor-element.elementor-element-c675dcf .elementor-button:focus{color:#101E42;background-color:#FFFFFF;}.elementor-23 .elementor-element.elementor-element-c675dcf .elementor-button:hover svg, .elementor-23 .elementor-element.elementor-element-c675dcf .elementor-button:focus svg{fill:#101E42;}.elementor-widget-text-editor{font-family:var( --e-global-typography-text-font-family ), Sans-serif;font-weight:var( --e-global-typography-text-font-weight );color:var( --e-global-color-text );}.elementor-widget-text-editor.elementor-drop-cap-view-stacked .elementor-drop-cap{background-color:var( --e-global-color-primary );}.elementor-widget-text-editor.elementor-drop-cap-view-framed .elementor-drop-cap, .elementor-widget-text-editor.elementor-drop-cap-view-default .elementor-drop-cap{color:var( --e-global-color-primary );border-color:var( --e-global-color-primary );}.elementor-23 .elementor-element.elementor-element-167c1bf{text-align:start;font-family:\"Arvo\", Sans-serif;font-size:16px;font-weight:100;line-height:34px;color:#FFFFFF;}.elementor-23 .elementor-element.elementor-element-68ef9aa9{--spacer-size:15px;}:root{--page-title-display:none;}@media(max-width:767px){.elementor-23 .elementor-element.elementor-element-377c5919{padding:0px 12px 0px 12px;}.elementor-23 .elementor-element.elementor-element-6b417e11{text-align:start;}.elementor-23 .elementor-element.elementor-element-6b417e11 .elementor-heading-title{font-size:34px;line-height:1em;}.elementor-23 .elementor-element.elementor-element-6cc19667{text-align:start;}.elementor-23 .elementor-element.elementor-element-6cc19667 img{width:40%;}.elementor-23 .elementor-element.elementor-element-c675dcf > .elementor-widget-container{padding:0px 0px 0px 0px;}.elementor-23 .elementor-element.elementor-element-167c1bf{text-align:start;line-height:1.9em;}.elementor-23 .elementor-element.elementor-element-167c1bf > .elementor-widget-container{padding:0px 12px 0px 012px;}}<\/style>\t\t<div data-elementor-type=\"wp-page\" data-elementor-id=\"23\" class=\"elementor elementor-23\" data-elementor-post-type=\"page\">\n\t\t\t\t\t\t<section class=\"elementor-section elementor-top-section elementor-element elementor-element-377c5919 elementor-section-boxed elementor-section-height-default elementor-section-height-default\" data-id=\"377c5919\" data-element_type=\"section\" data-e-type=\"section\" data-settings=\"{&quot;background_background&quot;:&quot;classic&quot;}\">\n\t\t\t\t\t\t\t<div class=\"elementor-background-overlay\"><\/div>\n\t\t\t\t\t\t\t<div class=\"elementor-container elementor-column-gap-default\">\n\t\t\t\t\t<div class=\"elementor-column elementor-col-100 elementor-top-column elementor-element elementor-element-3bcdd23c\" data-id=\"3bcdd23c\" data-element_type=\"column\" data-e-type=\"column\">\n\t\t\t<div class=\"elementor-widget-wrap elementor-element-populated\">\n\t\t\t\t\t\t<div class=\"elementor-element elementor-element-37c4fac7 elementor-widget elementor-widget-spacer\" data-id=\"37c4fac7\" data-element_type=\"widget\" data-e-type=\"widget\" data-widget_type=\"spacer.default\">\n\t\t\t\t<div class=\"elementor-widget-container\">\n\t\t\t\t\t\t\t<div class=\"elementor-spacer\">\n\t\t\t<div class=\"elementor-spacer-inner\"><\/div>\n\t\t<\/div>\n\t\t\t\t\t\t<\/div>\n\t\t\t\t<\/div>\n\t\t\t\t<div class=\"elementor-element elementor-element-6b417e11 elementor-widget elementor-widget-heading\" data-id=\"6b417e11\" data-element_type=\"widget\" data-e-type=\"widget\" data-widget_type=\"heading.default\">\n\t\t\t\t<div class=\"elementor-widget-container\">\n\t\t\t\t\t<h2 class=\"elementor-heading-title elementor-size-default\">LA PIR\u00c1MIDE<\/h2>\t\t\t\t<\/div>\n\t\t\t\t<\/div>\n\t\t\t\t<div class=\"elementor-element elementor-element-6cc19667 elementor-widget elementor-widget-image\" data-id=\"6cc19667\" data-element_type=\"widget\" data-e-type=\"widget\" data-widget_type=\"image.default\">\n\t\t\t\t<div class=\"elementor-widget-container\">\n\t\t\t\t\t\t\t\t\t\t\t\t\t\t\t<img fetchpriority=\"high\" decoding=\"async\" width=\"300\" height=\"300\" src=\"https:\/\/xn--vritablefraternit-btbq.org\/wp-content\/uploads\/2024\/03\/1-1.webp\" class=\"attachment-medium size-medium wp-image-203\" alt=\"\" srcset=\"https:\/\/xn--vritablefraternit-btbq.org\/wp-content\/uploads\/2024\/03\/1-1.webp 300w, https:\/\/xn--vritablefraternit-btbq.org\/wp-content\/uploads\/2024\/03\/elementor\/thumbs\/1-1-razbcqi1pj0131youafpbz9b175e9u96vp49k3dgf0.webp 150w\" sizes=\"(max-width: 300px) 100vw, 300px\" \/>\t\t\t\t\t\t\t\t\t\t\t\t\t\t\t<\/div>\n\t\t\t\t<\/div>\n\t\t\t\t<div class=\"elementor-element elementor-element-c675dcf elementor-align-center elementor-mobile-align-left elementor-widget elementor-widget-button\" data-id=\"c675dcf\" data-element_type=\"widget\" data-e-type=\"widget\" data-widget_type=\"button.default\">\n\t\t\t\t<div class=\"elementor-widget-container\">\n\t\t\t\t\t\t\t\t\t<div class=\"elementor-button-wrapper\">\n\t\t\t\t\t<a class=\"elementor-button elementor-button-link elementor-size-sm elementor-animation-pulse\" href=\"https:\/\/wa.link\/nkyuys\">\n\t\t\t\t\t\t<span class=\"elementor-button-content-wrapper\">\n\t\t\t\t\t\t\t\t\t<span class=\"elementor-button-text\">Rejoignez-nous aujourd'hui<\/span>\n\t\t\t\t\t<\/span>\n\t\t\t\t\t<\/a>\n\t\t\t\t<\/div>\n\t\t\t\t\t\t\t\t<\/div>\n\t\t\t\t<\/div>\n\t\t\t\t<div class=\"elementor-element elementor-element-167c1bf elementor-widget elementor-widget-text-editor\" data-id=\"167c1bf\" data-element_type=\"widget\" data-e-type=\"widget\" data-widget_type=\"text-editor.default\">\n\t\t\t\t<div class=\"elementor-widget-container\">\n\t\t\t\t\t\t\t\t\t<p>Dans la culture populaire, on accorde une grande importance \u00e0 la croyance des Illuminati selon laquelle l&#8217;argent n&#8217;est pas mauvais. Certains voient dans notre promotion du travail et de la richesse une promotion de l&#8217;\u00e9go\u00efsme, oubliant ainsi le v\u00e9ritable sens de la Pyramide et ses messages sous-jacents qui motivent notre diligence.<\/p><p>Dans les principes des Illuminati, la richesse n&#8217;est pas simplement un moyen d&#8217;enrichissement personnel. L&#8217;argent est plut\u00f4t un outil permettant \u00e0 chacun d&#8217;accomplir son devoir envers l&#8217;humanit\u00e9.<\/p><p>La qu\u00eate \u00e9go\u00efste de l&#8217;argent est un objectif vain, mais la recherche du bien que l&#8217;argent peut engendrer est l&#8217;une des plus grandes responsabilit\u00e9s de l&#8217;humanit\u00e9.<\/p><p>Plus une personne a d&#8217;argent, plus elle est capable d&#8217;am\u00e9liorer la vie des personnes dans le besoin. Si vous \u00eates pauvre et g\u00e9n\u00e9reux, et que la maison de votre ami br\u00fble, vous resterez une bonne personne, mais vous ne pourrez pas l&#8217;aider dans ses besoins les plus urgents. Si votre maison br\u00fble, mais que vous \u00eates riche, vous pourrez offrir \u00e0 votre ami un toit et un nouveau logement, car vous avez largement assez pour vous et pour tous ceux qui en ont besoin autour de vous.<\/p><p>L&#8217;argent est sans sentiments, sans voix, sans \u00e2me\u00a0: son choix entre le bien et le mal est laiss\u00e9 \u00e0 ceux qui l&#8217;utilisent.<\/p><p>Bien qu&#8217;il ne soit pas mal d&#8217;\u00eatre pauvre, la c\u00e9l\u00e9bration de la pauvret\u00e9 est ancr\u00e9e dans l&#8217;\u00e9go\u00efsme. Un pauvre peut sauver une vie, tandis qu&#8217;un riche peut construire un h\u00f4pital et en sauver dix mille. Les pauvres ne peuvent pas faire grand-chose pour aider les pauvres, tandis que les riches peuvent aider autant qu&#8217;ils le peuvent. Si une personne est riche, elle a la possibilit\u00e9 de faire le bien, mais si elle est pauvre, elle ne peut aider personne d&#8217;autre que soi-m\u00eame.<\/p><p>Ceux qui ont peu peuvent faire beaucoup. L&#8217;argent n&#8217;est rien d&#8217;autre que du papier et des chiffres \u00e9chang\u00e9s contre du temps et des efforts. Ainsi, si une personne n&#8217;a pas d&#8217;argent, elle peut consacrer son temps et ses efforts au progr\u00e8s de l&#8217;humanit\u00e9\u00a0: des actions positives qui ont la m\u00eame valeur qu&#8217;un don caritatif.<\/p><p>Plus une personne est riche, plus grande est sa responsabilit\u00e9 envers ses semblables. Comme dans la pyramide, ceux qui ont le plus de pouvoir peuvent faire le plus de bien au plus grand nombre de ceux qui sont en dessous.<\/p>\t\t\t\t\t\t\t\t<\/div>\n\t\t\t\t<\/div>\n\t\t\t\t<div class=\"elementor-element elementor-element-68ef9aa9 elementor-widget elementor-widget-spacer\" data-id=\"68ef9aa9\" data-element_type=\"widget\" data-e-type=\"widget\" data-widget_type=\"spacer.default\">\n\t\t\t\t<div class=\"elementor-widget-container\">\n\t\t\t\t\t\t\t<div class=\"elementor-spacer\">\n\t\t\t<div class=\"elementor-spacer-inner\"><\/div>\n\t\t<\/div>\n\t\t\t\t\t\t<\/div>\n\t\t\t\t<\/div>\n\t\t\t\t\t<\/div>\n\t\t<\/div>\n\t\t\t\t\t<\/div>\n\t\t<\/section>\n\t\t\t\t<\/div>\n\t\t","protected":false},"excerpt":{"rendered":"<p>LA PIR\u00c1MIDE Rejoignez-nous aujourd&#8217;hui Dans la culture populaire, on accorde une grande importance \u00e0 la croyance des Illuminati selon laquelle [&hellip;]<\/p>\n","protected":false},"author":1,"featured_media":0,"parent":0,"menu_order":0,"comment_status":"closed","ping_status":"closed","template":"","meta":{"_monsterinsights_skip_tracking":false,"_monsterinsights_sitenote_active":false,"_monsterinsights_sitenote_note":"","_monsterinsights_sitenote_category":0,"site-sidebar-layout":"no-sidebar","site-content-layout":"","ast-site-content-layout":"full-width-container","site-content-style":"default","site-sidebar-style":"default","ast-global-header-display":"","ast-banner-title-visibility":"","ast-main-header-display":"","ast-hfb-above-header-display":"","ast-hfb-below-header-display":"","ast-hfb-mobile-header-display":"","site-post-title":"disabled","ast-breadcrumbs-content":"","ast-featured-img":"disabled","footer-sml-layout":"","ast-disable-related-posts":"","theme-transparent-header-meta":"","adv-header-id-meta":"","stick-header-meta":"","header-above-stick-meta":"","header-main-stick-meta":"","header-below-stick-meta":"","astra-migrate-meta-layouts":"default","ast-page-background-enabled":"default","ast-page-background-meta":{"desktop":{"background-color":"var(--ast-global-color-4)","background-image":"","background-repeat":"repeat","background-position":"center center","background-size":"auto","background-attachment":"scroll","background-type":"","background-media":"","overlay-type":"","overlay-color":"","overlay-opacity":"","overlay-gradient":""},"tablet":{"background-color":"","background-image":"","background-repeat":"repeat","background-position":"center center","background-size":"auto","background-attachment":"scroll","background-type":"","background-media":"","overlay-type":"","overlay-color":"","overlay-opacity":"","overlay-gradient":""},"mobile":{"background-color":"","background-image":"","background-repeat":"repeat","background-position":"center center","background-size":"auto","background-attachment":"scroll","background-type":"","background-media":"","overlay-type":"","overlay-color":"","overlay-opacity":"","overlay-gradient":""}},"ast-content-background-meta":{"desktop":{"background-color":"var(--ast-global-color-5)","background-image":"","background-repeat":"repeat","background-position":"center center","background-size":"auto","background-attachment":"scroll","background-type":"","background-media":"","overlay-type":"","overlay-color":"","overlay-opacity":"","overlay-gradient":""},"tablet":{"background-color":"var(--ast-global-color-5)","background-image":"","background-repeat":"repeat","background-position":"center center","background-size":"auto","background-attachment":"scroll","background-type":"","background-media":"","overlay-type":"","overlay-color":"","overlay-opacity":"","overlay-gradient":""},"mobile":{"background-color":"var(--ast-global-color-5)","background-image":"","background-repeat":"repeat","background-position":"center center","background-size":"auto","background-attachment":"scroll","background-type":"","background-media":"","overlay-type":"","overlay-color":"","overlay-opacity":"","overlay-gradient":""}},"footnotes":""},"class_list":["post-23","page","type-page","status-publish","hentry"],"aioseo_notices":[],"_hostinger_reach_plugin_has_subscription_block":false,"_hostinger_reach_plugin_is_elementor":false,"_links":{"self":[{"href":"https:\/\/xn--vritablefraternit-btbq.org\/index.php?rest_route=\/wp\/v2\/pages\/23","targetHints":{"allow":["GET"]}}],"collection":[{"href":"https:\/\/xn--vritablefraternit-btbq.org\/index.php?rest_route=\/wp\/v2\/pages"}],"about":[{"href":"https:\/\/xn--vritablefraternit-btbq.org\/index.php?rest_route=\/wp\/v2\/types\/page"}],"author":[{"embeddable":true,"href":"https:\/\/xn--vritablefraternit-btbq.org\/index.php?rest_route=\/wp\/v2\/users\/1"}],"replies":[{"embeddable":true,"href":"https:\/\/xn--vritablefraternit-btbq.org\/index.php?rest_route=%2Fwp%2Fv2%2Fcomments&post=23"}],"version-history":[{"count":73,"href":"https:\/\/xn--vritablefraternit-btbq.org\/index.php?rest_route=\/wp\/v2\/pages\/23\/revisions"}],"predecessor-version":[{"id":1974,"href":"https:\/\/xn--vritablefraternit-btbq.org\/index.php?rest_route=\/wp\/v2\/pages\/23\/revisions\/1974"}],"wp:attachment":[{"href":"https:\/\/xn--vritablefraternit-btbq.org\/index.php?rest_route=%2Fwp%2Fv2%2Fmedia&parent=23"}],"curies":[{"name":"wp","href":"https:\/\/api.w.org\/{rel}","templated":true}]}}